{"id":276,"date":"2018-03-09T12:50:35","date_gmt":"2018-03-09T12:50:35","guid":{"rendered":"http:\/\/test.dayandnighttransporte.at\/?page_id=276"},"modified":"2021-04-16T08:49:48","modified_gmt":"2021-04-16T08:49:48","slug":"impressum","status":"publish","type":"page","link":"https:\/\/www.dayandnighttransporte.at\/index.php\/impressum\/","title":{"rendered":"Impressum"},"content":{"rendered":"\t\t<div data-elementor-type=\"wp-post\" data-elementor-id=\"276\" class=\"elementor elementor-276\" data-elementor-settings=\"[]\">\n\t\t\t\t\t\t<div class=\"elementor-inner\">\n\t\t\t\t\t\t\t<div class=\"elementor-section-wrap\">\n\t\t\t\t\t\t\t<section class=\"elementor-section elementor-top-section elementor-element elementor-element-2bd19e2 elementor-section-boxed elementor-section-height-default elementor-section-height-default\" data-id=\"2bd19e2\" data-element_type=\"section\">\n\t\t\t\t\t\t<div class=\"elementor-container elementor-column-gap-no\">\n\t\t\t\t\t\t\t<div class=\"elementor-row\">\n\t\t\t\t\t<div class=\"elementor-column elementor-col-100 elementor-top-column elementor-element elementor-element-bc70765 sc_layouts_column_icons_position_left\" data-id=\"bc70765\" data-element_type=\"column\">\n\t\t\t<div class=\"elementor-column-wrap elementor-element-populated\">\n\t\t\t\t\t\t\t<div class=\"elementor-widget-wrap\">\n\t\t\t\t\t\t<div class=\"elementor-element elementor-element-f09a054 elementor-widget elementor-widget-spacer\" data-id=\"f09a054\" data-element_type=\"widget\" data-widget_type=\"spacer.default\">\n\t\t\t\t<div class=\"elementor-widget-container\">\n\t\t\t\t\t<div class=\"elementor-spacer\">\n\t\t\t<div class=\"elementor-spacer-inner\"><\/div>\n\t\t<\/div>\n\t\t\t\t<\/div>\n\t\t\t\t<\/div>\n\t\t\t\t<div class=\"elementor-element elementor-element-3fb10e5 elementor-widget elementor-widget-spacer\" data-id=\"3fb10e5\" data-element_type=\"widget\" data-widget_type=\"spacer.default\">\n\t\t\t\t<div class=\"elementor-widget-container\">\n\t\t\t\t\t<div class=\"elementor-spacer\">\n\t\t\t<div class=\"elementor-spacer-inner\"><\/div>\n\t\t<\/div>\n\t\t\t\t<\/div>\n\t\t\t\t<\/div>\n\t\t\t\t\t\t<\/div>\n\t\t\t\t\t<\/div>\n\t\t<\/div>\n\t\t\t\t\t\t\t\t<\/div>\n\t\t\t\t\t<\/div>\n\t\t<\/section>\n\t\t\t\t<section class=\"elementor-section elementor-top-section elementor-element elementor-element-5849185 elementor-section-boxed elementor-section-height-default elementor-section-height-default\" data-id=\"5849185\" data-element_type=\"section\">\n\t\t\t\t\t\t<div class=\"elementor-container elementor-column-gap-no\">\n\t\t\t\t\t\t\t<div class=\"elementor-row\">\n\t\t\t\t\t<div class=\"elementor-column elementor-col-100 elementor-top-column elementor-element elementor-element-a36ff48 sc_layouts_column_icons_position_left\" data-id=\"a36ff48\" data-element_type=\"column\">\n\t\t\t<div class=\"elementor-column-wrap elementor-element-populated\">\n\t\t\t\t\t\t\t<div class=\"elementor-widget-wrap\">\n\t\t\t\t\t\t<div class=\"elementor-element elementor-element-eadb34f elementor-widget elementor-widget-text-editor\" data-id=\"eadb34f\" data-element_type=\"widget\" data-widget_type=\"text-editor.default\">\n\t\t\t\t<div class=\"elementor-widget-container\">\n\t\t\t\t\t\t\t\t<div class=\"elementor-text-editor elementor-clearfix\">\n\t\t\t\t<p><strong>Day and Night Transport GmbH<\/strong><br \/>Passauer Stra\u00dfe 14 <br \/>3434 Katzelsdorf<br \/>\u00d6sterreich<br \/>T +43 664 88 66 54 07<br \/>office@dayandnighttransporte.at <br \/><br \/><strong>Firmenbuchnummer:<\/strong> FN115583a<br \/><strong>Firmenbuchgericht: <\/strong>Landesgericht St. P\u00f6lten<br \/><strong>Erf\u00fcllungsort und Gerichtsstand:<\/strong> St. P\u00f6lten<br \/><strong>UID-Nr:<\/strong> ATU19354106<\/p><p>Gesch\u00e4ftsf\u00fchrer ist verantwortlich f\u00fcr den eigenen Inhalt der Webseite<br \/>Eingetragen im Firmenbuch zu FN115583a, zust\u00e4ndiges Gericht Landesgericht St. P\u00f6lten<\/p><p><strong>Haftungshinweis:<\/strong> <br \/>Trotz sorgf\u00e4ltiger inhaltlicher Kontrolle \u00fcbernehmen wir keine Haftung f\u00fcr die Inhalte externer Links und Fotos. F\u00fcr den Inhalt der verlinkten Seiten und ver\u00f6ffentlichten Fotos sind ausschlie\u00dflich deren Betreiber verantwortlich. Die Domain www.dayandnighttransporte.at inklusive aller Sub-Domains verweisen mit Links zu anderen Seiten im Internet. F\u00fcr diese F\u00e4lle gilt: Die Day and Night Transport GmbH als Betreiber von www.dayandnighttransporte.at erkl\u00e4rt ausdr\u00fccklich, dass sie keinerlei Einfluss auf die Gestaltung und die Inhalte der verlinkten und eingespielten Seiten und Fotos hat. Aus diesem Grunde distanzieren sich www.dayandnighttransporte.at Day and Night Transport GmbH ausdr\u00fccklich von allen Inhalten aller verlinkten Seiten und ver\u00f6ffentlichten Fotos auf der Webseite und machen sich diese Inhalte nicht zu Eigen. Diese Erkl\u00e4rung gilt f\u00fcr alle Seiten, zu denen Links f\u00fchren.<\/p>\t\t\t\t\t<\/div>\n\t\t\t\t\t\t<\/div>\n\t\t\t\t<\/div>\n\t\t\t\t<div class=\"elementor-element elementor-element-3dbd675 elementor-widget elementor-widget-spacer\" data-id=\"3dbd675\" data-element_type=\"widget\" data-widget_type=\"spacer.default\">\n\t\t\t\t<div class=\"elementor-widget-container\">\n\t\t\t\t\t<div class=\"elementor-spacer\">\n\t\t\t<div class=\"elementor-spacer-inner\"><\/div>\n\t\t<\/div>\n\t\t\t\t<\/div>\n\t\t\t\t<\/div>\n\t\t\t\t\t\t<\/div>\n\t\t\t\t\t<\/div>\n\t\t<\/div>\n\t\t\t\t\t\t\t\t<\/div>\n\t\t\t\t\t<\/div>\n\t\t<\/section>\n\t\t\t\t\t\t<\/div>\n\t\t\t\t\t\t<\/div>\n\t\t\t\t\t<\/div>\n\t\t","protected":false},"excerpt":{"rendered":"<p>Day and Night Transport GmbHPassauer Stra\u00dfe 14 3434 Katzelsdorf\u00d6sterreichT +43 664 88 66 54 07office@dayandnighttransporte.at Firmenbuchnummer: FN115583aFirmenbuchgericht: Landesgericht St. P\u00f6ltenErf\u00fcllungsort und Gerichtsstand: St. P\u00f6ltenUID-Nr: ATU19354106 Gesch\u00e4ftsf\u00fchrer ist verantwortlich f\u00fcr den eigenen Inhalt der WebseiteEingetragen im Firmenbuch zu FN115583a,&hellip;<\/p>\n","protected":false},"author":1,"featured_media":0,"parent":0,"menu_order":0,"comment_status":"closed","ping_status":"closed","template":"","meta":{"footnotes":""},"class_list":["post-276","page","type-page","status-publish","hentry"],"yoast_head":"<!-- This site is optimized with the Yoast SEO plugin v19.2 - https:\/\/yoast.com\/wordpress\/plugins\/seo\/ -->\n<title>Impressum - Day and Night Transporte<\/title>\n<meta name=\"robots\" content=\"index, follow, max-snippet:-1, max-image-preview:large, max-video-preview:-1\" \/>\n<link rel=\"canonical\" href=\"https:\/\/www.dayandnighttransporte.at\/index.php\/impressum\/\" \/>\n<meta property=\"og:locale\" content=\"de_DE\" \/>\n<meta property=\"og:type\" content=\"article\" \/>\n<meta property=\"og:title\" content=\"Impressum - Day and Night Transporte\" \/>\n<meta property=\"og:description\" content=\"Day and Night Transport GmbHPassauer Stra\u00dfe 14 3434 Katzelsdorf\u00d6sterreichT +43 664 88 66 54 07office@dayandnighttransporte.at Firmenbuchnummer: FN115583aFirmenbuchgericht: Landesgericht St. P\u00f6ltenErf\u00fcllungsort und Gerichtsstand: St. P\u00f6ltenUID-Nr: ATU19354106 Gesch\u00e4ftsf\u00fchrer ist verantwortlich f\u00fcr den eigenen Inhalt der WebseiteEingetragen im Firmenbuch zu FN115583a,&hellip;\" \/>\n<meta property=\"og:url\" content=\"https:\/\/www.dayandnighttransporte.at\/index.php\/impressum\/\" \/>\n<meta property=\"og:site_name\" content=\"Day and Night Transporte\" \/>\n<meta property=\"article:modified_time\" content=\"2021-04-16T08:49:48+00:00\" \/>\n<meta name=\"author\" content=\"admin\" \/>\n<meta name=\"twitter:card\" content=\"summary_large_image\" \/>\n<meta name=\"twitter:label1\" content=\"Gesch\u00e4tzte Lesezeit\" \/>\n\t<meta name=\"twitter:data1\" content=\"1\u00a0Minute\" \/>\n<script type=\"application\/ld+json\" class=\"yoast-schema-graph\">{\"@context\":\"https:\/\/schema.org\",\"@graph\":[{\"@type\":\"WebSite\",\"@id\":\"https:\/\/www.dayandnighttransporte.at\/#website\",\"url\":\"https:\/\/www.dayandnighttransporte.at\/\",\"name\":\"Day and Night Transporte\",\"description\":\"Ihr Professionelle Transport &amp; Botendienstpartner\",\"potentialAction\":[{\"@type\":\"SearchAction\",\"target\":{\"@type\":\"EntryPoint\",\"urlTemplate\":\"https:\/\/www.dayandnighttransporte.at\/?s={search_term_string}\"},\"query-input\":\"required name=search_term_string\"}],\"inLanguage\":\"de\"},{\"@type\":\"WebPage\",\"@id\":\"https:\/\/www.dayandnighttransporte.at\/index.php\/impressum\/#webpage\",\"url\":\"https:\/\/www.dayandnighttransporte.at\/index.php\/impressum\/\",\"name\":\"Impressum - Day and Night Transporte\",\"isPartOf\":{\"@id\":\"https:\/\/www.dayandnighttransporte.at\/#website\"},\"datePublished\":\"2018-03-09T12:50:35+00:00\",\"dateModified\":\"2021-04-16T08:49:48+00:00\",\"breadcrumb\":{\"@id\":\"https:\/\/www.dayandnighttransporte.at\/index.php\/impressum\/#breadcrumb\"},\"inLanguage\":\"de\",\"potentialAction\":[{\"@type\":\"ReadAction\",\"target\":[\"https:\/\/www.dayandnighttransporte.at\/index.php\/impressum\/\"]}]},{\"@type\":\"BreadcrumbList\",\"@id\":\"https:\/\/www.dayandnighttransporte.at\/index.php\/impressum\/#breadcrumb\",\"itemListElement\":[{\"@type\":\"ListItem\",\"position\":1,\"name\":\"Startseite\",\"item\":\"https:\/\/www.dayandnighttransporte.at\/\"},{\"@type\":\"ListItem\",\"position\":2,\"name\":\"Impressum\"}]}]}<\/script>\n<!-- \/ Yoast SEO plugin. -->","yoast_head_json":{"title":"Impressum - Day and Night Transporte","robots":{"index":"index","follow":"follow","max-snippet":"max-snippet:-1","max-image-preview":"max-image-preview:large","max-video-preview":"max-video-preview:-1"},"canonical":"https:\/\/www.dayandnighttransporte.at\/index.php\/impressum\/","og_locale":"de_DE","og_type":"article","og_title":"Impressum - Day and Night Transporte","og_description":"Day and Night Transport GmbHPassauer Stra\u00dfe 14 3434 Katzelsdorf\u00d6sterreichT +43 664 88 66 54 07office@dayandnighttransporte.at Firmenbuchnummer: FN115583aFirmenbuchgericht: Landesgericht St. P\u00f6ltenErf\u00fcllungsort und Gerichtsstand: St. P\u00f6ltenUID-Nr: ATU19354106 Gesch\u00e4ftsf\u00fchrer ist verantwortlich f\u00fcr den eigenen Inhalt der WebseiteEingetragen im Firmenbuch zu FN115583a,&hellip;","og_url":"https:\/\/www.dayandnighttransporte.at\/index.php\/impressum\/","og_site_name":"Day and Night Transporte","article_modified_time":"2021-04-16T08:49:48+00:00","author":"admin","twitter_card":"summary_large_image","twitter_misc":{"Gesch\u00e4tzte Lesezeit":"1\u00a0Minute"},"schema":{"@context":"https:\/\/schema.org","@graph":[{"@type":"WebSite","@id":"https:\/\/www.dayandnighttransporte.at\/#website","url":"https:\/\/www.dayandnighttransporte.at\/","name":"Day and Night Transporte","description":"Ihr Professionelle Transport &amp; Botendienstpartner","potentialAction":[{"@type":"SearchAction","target":{"@type":"EntryPoint","urlTemplate":"https:\/\/www.dayandnighttransporte.at\/?s={search_term_string}"},"query-input":"required name=search_term_string"}],"inLanguage":"de"},{"@type":"WebPage","@id":"https:\/\/www.dayandnighttransporte.at\/index.php\/impressum\/#webpage","url":"https:\/\/www.dayandnighttransporte.at\/index.php\/impressum\/","name":"Impressum - Day and Night Transporte","isPartOf":{"@id":"https:\/\/www.dayandnighttransporte.at\/#website"},"datePublished":"2018-03-09T12:50:35+00:00","dateModified":"2021-04-16T08:49:48+00:00","breadcrumb":{"@id":"https:\/\/www.dayandnighttransporte.at\/index.php\/impressum\/#breadcrumb"},"inLanguage":"de","potentialAction":[{"@type":"ReadAction","target":["https:\/\/www.dayandnighttransporte.at\/index.php\/impressum\/"]}]},{"@type":"BreadcrumbList","@id":"https:\/\/www.dayandnighttransporte.at\/index.php\/impressum\/#breadcrumb","itemListElement":[{"@type":"ListItem","position":1,"name":"Startseite","item":"https:\/\/www.dayandnighttransporte.at\/"},{"@type":"ListItem","position":2,"name":"Impressum"}]}]}},"_links":{"self":[{"href":"https:\/\/www.dayandnighttransporte.at\/index.php\/wp-json\/wp\/v2\/pages\/276","targetHints":{"allow":["GET"]}}],"collection":[{"href":"https:\/\/www.dayandnighttransporte.at\/index.php\/wp-json\/wp\/v2\/pages"}],"about":[{"href":"https:\/\/www.dayandnighttransporte.at\/index.php\/wp-json\/wp\/v2\/types\/page"}],"author":[{"embeddable":true,"href":"https:\/\/www.dayandnighttransporte.at\/index.php\/wp-json\/wp\/v2\/users\/1"}],"replies":[{"embeddable":true,"href":"https:\/\/www.dayandnighttransporte.at\/index.php\/wp-json\/wp\/v2\/comments?post=276"}],"version-history":[{"count":10,"href":"https:\/\/www.dayandnighttransporte.at\/index.php\/wp-json\/wp\/v2\/pages\/276\/revisions"}],"predecessor-version":[{"id":3107,"href":"https:\/\/www.dayandnighttransporte.at\/index.php\/wp-json\/wp\/v2\/pages\/276\/revisions\/3107"}],"wp:attachment":[{"href":"https:\/\/www.dayandnighttransporte.at\/index.php\/wp-json\/wp\/v2\/media?parent=276"}],"curies":[{"name":"wp","href":"https:\/\/api.w.org\/{rel}","templated":true}]}}